{"id":69,"date":"2023-12-21T08:43:39","date_gmt":"2023-12-21T08:43:39","guid":{"rendered":"https:\/\/demo2wpopal.b-cdn.net\/gamico\/?page_id=69"},"modified":"2025-06-13T16:04:11","modified_gmt":"2025-06-13T13:04:11","slug":"the-stories","status":"publish","type":"page","link":"https:\/\/altaygames.com\/en\/the-stories\/","title":{"rendered":"About Us"},"content":{"rendered":"<div data-elementor-type=\"wp-page\" data-elementor-id=\"69\" class=\"elementor elementor-69\">\n\t\t\t\t<div class=\"elementor-element elementor-element-8f3dfcb e-flex e-con-boxed e-con e-parent\" data-id=\"8f3dfcb\" data-element_type=\"container\" data-settings=\"{&quot;background_background&quot;:&quot;classic&quot;,&quot;gamico_line_number&quot;:0}\">\n\t\t\t\t\t<div class=\"e-con-inner\">\n\t\t<div class=\"elementor-element elementor-element-9184979 e-con-full e-flex e-con e-child\" data-id=\"9184979\" data-element_type=\"container\" data-settings=\"{&quot;gamico_line_number&quot;:0}\">\n\t\t<div class=\"elementor-element elementor-element-b5614c4 e-con-full e-flex e-con e-child\" data-id=\"b5614c4\" data-element_type=\"container\" data-settings=\"{&quot;gamico_line_number&quot;:0}\">\n\t\t\t\t<div class=\"elementor-element elementor-element-cfa0377 elementor-widget elementor-widget-image\" data-id=\"cfa0377\" data-element_type=\"widget\" data-widget_type=\"image.default\">\n\t\t\t\t<div class=\"elementor-widget-container\">\n\t\t\t\t\t\t\t\t\t\t\t\t\t\t\t<img loading=\"lazy\" decoding=\"async\" width=\"660\" height=\"570\" src=\"https:\/\/altaygames.com\/wp-content\/uploads\/2023\/12\/about-pic.jpg\" class=\"attachment-full size-full wp-image-76\" alt=\"\" srcset=\"https:\/\/altaygames.com\/wp-content\/uploads\/2023\/12\/about-pic.jpg 660w, https:\/\/altaygames.com\/wp-content\/uploads\/2023\/12\/about-pic-450x389.jpg 450w, https:\/\/altaygames.com\/wp-content\/uploads\/2023\/12\/about-pic-300x259.jpg 300w, https:\/\/altaygames.com\/wp-content\/uploads\/2023\/12\/about-pic-600x518.jpg 600w\" sizes=\"auto, (max-width: 660px) 100vw, 660px\" \/>\t\t\t\t\t\t\t\t\t\t\t\t\t\t\t<\/div>\n\t\t\t\t<\/div>\n\t\t\t\t<\/div>\n\t\t<div class=\"elementor-element elementor-element-fd4cfdd e-con-full e-flex e-con e-child\" data-id=\"fd4cfdd\" data-element_type=\"container\" data-settings=\"{&quot;gamico_line_number&quot;:0}\">\n\t\t\t\t<div class=\"elementor-element elementor-element-7811b0f elementor-absolute rotate elementor-hidden-tablet_extra elementor-hidden-tablet elementor-hidden-mobile_extra elementor-hidden-mobile elementor-invisible elementor-widget elementor-widget-image\" data-id=\"7811b0f\" data-element_type=\"widget\" data-settings=\"{&quot;_position&quot;:&quot;absolute&quot;,&quot;_animation&quot;:&quot;opal-scale-up&quot;}\" data-widget_type=\"image.default\">\n\t\t\t\t<div class=\"elementor-widget-container\">\n\t\t\t\t\t\t\t\t\t\t\t\t\t\t\t<img loading=\"lazy\" decoding=\"async\" width=\"98\" height=\"100\" src=\"https:\/\/altaygames.com\/wp-content\/uploads\/2023\/12\/h1_deco.png\" class=\"attachment-full size-full wp-image-437\" alt=\"\" \/>\t\t\t\t\t\t\t\t\t\t\t\t\t\t\t<\/div>\n\t\t\t\t<\/div>\n\t\t\t\t<div class=\"elementor-element elementor-element-da9c19f animated-fast elementor-invisible elementor-widget elementor-widget-gamico_animated-headline\" data-id=\"da9c19f\" data-element_type=\"widget\" data-settings=\"{&quot;_animation&quot;:&quot;opal-move-up&quot;}\" data-widget_type=\"gamico_animated-headline.default\">\n\t\t\t\t<div class=\"elementor-widget-container\">\n\t\t\t\t\t        <h2  class=\"elementor-headline\">\n                    <span class=\"elementor-headline-plain-text elementor-headline-text-wrapper\">ALTAY GAMES<\/span>\n                <span class=\"elementor-headline-dynamic-wrapper elementor-headline-text-wrapper\">\n                    <span class=\"elementor-headline-dynamic-text elementor-headline-text-active\">ANKARA MERKEZL\u0130<\/span>\n        \t\t<\/span>\n                    <span class=\"elementor-headline-plain-text elementor-headline-text-wrapper\">BA\u011eIMSIZ OYUN  GEL\u0130\u015eT\u0130R\u0130C\u0130S\u0130D\u0130R<\/span>\n                <\/h2>\n        \t\t\t\t<\/div>\n\t\t\t\t<\/div>\n\t\t\t\t<div class=\"elementor-element elementor-element-2892be1 animated-fast elementor-invisible elementor-widget elementor-widget-text-editor\" data-id=\"2892be1\" data-element_type=\"widget\" data-settings=\"{&quot;_animation&quot;:&quot;opal-move-up&quot;}\" data-widget_type=\"text-editor.default\">\n\t\t\t\t<div class=\"elementor-widget-container\">\n\t\t\t\t\t\t\t\t\t<p>Altay Games, video oyunlar\u0131 yaratma tutkusunu ve azmini payla\u015fan,\u00a0 deneyimli profesyonelden olu\u015fan bir ekiptir.<\/p>\t\t\t\t\t\t\t\t<\/div>\n\t\t\t\t<\/div>\n\t\t\t\t<div class=\"elementor-element elementor-element-839da3e animated-fast elementor-invisible elementor-widget elementor-widget-text-editor\" data-id=\"839da3e\" data-element_type=\"widget\" data-settings=\"{&quot;_animation&quot;:&quot;opal-move-up&quot;}\" data-widget_type=\"text-editor.default\">\n\t\t\t\t<div class=\"elementor-widget-container\">\n\t\t\t\t\t\t\t\t\t<p>St\u00fcdyolar, hizmet hatt\u0131na g\u00f6re Grup&#8217;a entegre edilir ve insanlar\u0131n ve projelerin st\u00fcdyolar ve co\u011frafyalar aras\u0131nda \u00e7al\u0131\u015fabilmesini sa\u011flamak i\u00e7in bu hizmet hatlar\u0131 taraf\u0131ndan da\u011f\u0131t\u0131lan i\u015fletim sistemlerini ve ara\u00e7lar\u0131 kullan\u0131r.<\/p>\t\t\t\t\t\t\t\t<\/div>\n\t\t\t\t<\/div>\n\t\t\t\t<\/div>\n\t\t\t\t<\/div>\n\t\t<div class=\"elementor-element elementor-element-50de731 e-con-full animated-fast e-flex elementor-invisible e-con e-child\" data-id=\"50de731\" data-element_type=\"container\" data-settings=\"{&quot;animation&quot;:&quot;opal-move-up&quot;,&quot;gamico_line_number&quot;:0}\">\n\t\t<div class=\"elementor-element elementor-element-cbfaf5e e-con-full e-flex e-con e-child\" data-id=\"cbfaf5e\" data-element_type=\"container\" data-settings=\"{&quot;gamico_line_number&quot;:0}\">\n\t\t\t\t<div class=\"elementor-element elementor-element-09ad690 elementor-widget elementor-widget-counter\" data-id=\"09ad690\" data-element_type=\"widget\" data-widget_type=\"counter.default\">\n\t\t\t\t<div class=\"elementor-widget-container\">\n\t\t\t\t\t\t\t<div class=\"elementor-counter\">\n\t\t\t\t\t\t<div class=\"elementor-counter-number-wrapper\">\n\t\t\t\t<span class=\"elementor-counter-number-prefix\"><\/span>\n\t\t\t\t<span class=\"elementor-counter-number\" data-duration=\"2000\" data-to-value=\"10\" data-from-value=\"0\" data-delimiter=\",\">0<\/span>\n\t\t\t\t<span class=\"elementor-counter-number-suffix\">+<\/span>\n\t\t\t<\/div>\n\t\t<\/div>\n\t\t\t\t\t\t<\/div>\n\t\t\t\t<\/div>\n\t\t\t\t<div class=\"elementor-element elementor-element-5559240 elementor-widget elementor-widget-text-editor\" data-id=\"5559240\" data-element_type=\"widget\" data-widget_type=\"text-editor.default\">\n\t\t\t\t<div class=\"elementor-widget-container\">\n\t\t\t\t\t\t\t\t\t<p>y\u0131ll\u0131k tecr\u00fcbe<\/p>\t\t\t\t\t\t\t\t<\/div>\n\t\t\t\t<\/div>\n\t\t\t\t<\/div>\n\t\t<div class=\"elementor-element elementor-element-0068e7e e-con-full e-flex e-con e-child\" data-id=\"0068e7e\" data-element_type=\"container\" data-settings=\"{&quot;gamico_line_number&quot;:0}\">\n\t\t\t\t<\/div>\n\t\t<div class=\"elementor-element elementor-element-154a2fb e-con-full e-flex e-con e-child\" data-id=\"154a2fb\" data-element_type=\"container\" data-settings=\"{&quot;gamico_line_number&quot;:0}\">\n\t\t\t\t<div class=\"elementor-element elementor-element-e9f77d1 elementor-widget elementor-widget-counter\" data-id=\"e9f77d1\" data-element_type=\"widget\" data-widget_type=\"counter.default\">\n\t\t\t\t<div class=\"elementor-widget-container\">\n\t\t\t\t\t\t\t<div class=\"elementor-counter\">\n\t\t\t\t\t\t<div class=\"elementor-counter-number-wrapper\">\n\t\t\t\t<span class=\"elementor-counter-number-prefix\"><\/span>\n\t\t\t\t<span class=\"elementor-counter-number\" data-duration=\"2000\" data-to-value=\"80\" data-from-value=\"0\" data-delimiter=\",\">0<\/span>\n\t\t\t\t<span class=\"elementor-counter-number-suffix\">M+<\/span>\n\t\t\t<\/div>\n\t\t<\/div>\n\t\t\t\t\t\t<\/div>\n\t\t\t\t<\/div>\n\t\t\t\t<div class=\"elementor-element elementor-element-4339cdd elementor-widget elementor-widget-text-editor\" data-id=\"4339cdd\" data-element_type=\"widget\" data-widget_type=\"text-editor.default\">\n\t\t\t\t<div class=\"elementor-widget-container\">\n\t\t\t\t\t\t\t\t\t<div>toplam indirme<\/div>\t\t\t\t\t\t\t\t<\/div>\n\t\t\t\t<\/div>\n\t\t\t\t<\/div>\n\t\t\t\t<\/div>\n\t\t\t\t<div class=\"elementor-element elementor-element-5966031 animated-fast elementor-invisible elementor-widget elementor-widget-heading\" data-id=\"5966031\" data-element_type=\"widget\" data-settings=\"{&quot;_animation&quot;:&quot;opal-move-up&quot;}\" data-widget_type=\"heading.default\">\n\t\t\t\t<div class=\"elementor-widget-container\">\n\t\t\t\t\t<h1 class=\"elementor-heading-title elementor-size-default\">DE\u011eER ANLAYI\u015eIMIZ <\/h1>\t\t\t\t<\/div>\n\t\t\t\t<\/div>\n\t\t\t\t<div class=\"elementor-element elementor-element-120d238 elementor-widget__width-initial animated-fast elementor-invisible elementor-widget elementor-widget-text-editor\" data-id=\"120d238\" data-element_type=\"widget\" data-settings=\"{&quot;_animation&quot;:&quot;opal-move-up&quot;}\" data-widget_type=\"text-editor.default\">\n\t\t\t\t<div class=\"elementor-widget-container\">\n\t\t\t\t\t\t\t\t\t<p>D\u00fcnyan\u0131n \u00f6nde gelen video oyunu \u015firketlerinin bir\u00e7o\u011fu bize g\u00fcveniyor ve itimat ediyor.<\/p>\t\t\t\t\t\t\t\t<\/div>\n\t\t\t\t<\/div>\n\t\t<div class=\"elementor-element elementor-element-441cf3b e-con-full animated-fast e-flex elementor-invisible e-con e-child\" data-id=\"441cf3b\" data-element_type=\"container\" data-settings=\"{&quot;animation&quot;:&quot;opal-move-up&quot;,&quot;gamico_line_number&quot;:0}\">\n\t\t<div class=\"elementor-element elementor-element-44b82c3 e-con-full e-flex e-con e-child\" data-id=\"44b82c3\" data-element_type=\"container\" data-settings=\"{&quot;gamico_line_number&quot;:0}\">\n\t\t\t\t<div class=\"elementor-element elementor-element-8b1e778 elementor-position-top elementor-widget elementor-widget-image-box\" data-id=\"8b1e778\" data-element_type=\"widget\" data-widget_type=\"image-box.default\">\n\t\t\t\t<div class=\"elementor-widget-container\">\n\t\t\t\t\t<div class=\"elementor-image-box-wrapper\"><figure class=\"elementor-image-box-img\"><img loading=\"lazy\" decoding=\"async\" width=\"195\" height=\"195\" src=\"https:\/\/altaygames.com\/wp-content\/uploads\/2023\/12\/ab-shape1.png\" class=\"attachment-full size-full wp-image-1825\" alt=\"\" srcset=\"https:\/\/altaygames.com\/wp-content\/uploads\/2023\/12\/ab-shape1.png 195w, https:\/\/altaygames.com\/wp-content\/uploads\/2023\/12\/ab-shape1-100x100.png 100w, https:\/\/altaygames.com\/wp-content\/uploads\/2023\/12\/ab-shape1-150x150.png 150w\" sizes=\"auto, (max-width: 195px) 100vw, 195px\" \/><\/figure><div class=\"elementor-image-box-content\"><h4 class=\"elementor-image-box-title\">OYUNCU DENEY\u0130M\u0130 \u00d6NCEL\u0130\u011e\u0130<\/h4><p class=\"elementor-image-box-description\">Oyunculara odaklanmam\u0131z\u0131n en anlaml\u0131 ve kal\u0131c\u0131 oyun deneyimlerine ilham verdi\u011fine inan\u0131yoruz<\/p><\/div><\/div>\t\t\t\t<\/div>\n\t\t\t\t<\/div>\n\t\t\t\t<\/div>\n\t\t\t\t<div class=\"elementor-element elementor-element-3e50287 elementor-widget elementor-widget-spacer\" data-id=\"3e50287\" data-element_type=\"widget\" data-widget_type=\"spacer.default\">\n\t\t\t\t<div class=\"elementor-widget-container\">\n\t\t\t\t\t\t\t<div class=\"elementor-spacer\">\n\t\t\t<div class=\"elementor-spacer-inner\"><\/div>\n\t\t<\/div>\n\t\t\t\t\t\t<\/div>\n\t\t\t\t<\/div>\n\t\t<div class=\"elementor-element elementor-element-4477319 e-con-full e-flex e-con e-child\" data-id=\"4477319\" data-element_type=\"container\" data-settings=\"{&quot;gamico_line_number&quot;:0}\">\n\t\t\t\t<div class=\"elementor-element elementor-element-eaf1179 elementor-position-top elementor-widget elementor-widget-image-box\" data-id=\"eaf1179\" data-element_type=\"widget\" data-widget_type=\"image-box.default\">\n\t\t\t\t<div class=\"elementor-widget-container\">\n\t\t\t\t\t<div class=\"elementor-image-box-wrapper\"><figure class=\"elementor-image-box-img\"><img loading=\"lazy\" decoding=\"async\" width=\"195\" height=\"195\" src=\"https:\/\/altaygames.com\/wp-content\/uploads\/2023\/12\/ab-shape2.png\" class=\"attachment-full size-full wp-image-1826\" alt=\"\" srcset=\"https:\/\/altaygames.com\/wp-content\/uploads\/2023\/12\/ab-shape2.png 195w, https:\/\/altaygames.com\/wp-content\/uploads\/2023\/12\/ab-shape2-100x100.png 100w, https:\/\/altaygames.com\/wp-content\/uploads\/2023\/12\/ab-shape2-150x150.png 150w\" sizes=\"auto, (max-width: 195px) 100vw, 195px\" \/><\/figure><div class=\"elementor-image-box-content\"><h4 class=\"elementor-image-box-title\">HAYAL KURMAYA CESARET ED\u0130N<\/h4><p class=\"elementor-image-box-description\">Cesaretli fikirlerin pe\u015finden gitmenin, oyuncular\u0131n imkans\u0131z hayallerini ger\u00e7e\u011fe d\u00f6n\u00fc\u015ft\u00fcrece\u011fine inan\u0131yoruz<\/p><\/div><\/div>\t\t\t\t<\/div>\n\t\t\t\t<\/div>\n\t\t\t\t<\/div>\n\t\t\t\t<div class=\"elementor-element elementor-element-dc1d42a elementor-widget elementor-widget-spacer\" data-id=\"dc1d42a\" data-element_type=\"widget\" data-widget_type=\"spacer.default\">\n\t\t\t\t<div class=\"elementor-widget-container\">\n\t\t\t\t\t\t\t<div class=\"elementor-spacer\">\n\t\t\t<div class=\"elementor-spacer-inner\"><\/div>\n\t\t<\/div>\n\t\t\t\t\t\t<\/div>\n\t\t\t\t<\/div>\n\t\t<div class=\"elementor-element elementor-element-cb95eb9 e-con-full e-flex e-con e-child\" data-id=\"cb95eb9\" data-element_type=\"container\" data-settings=\"{&quot;gamico_line_number&quot;:0}\">\n\t\t\t\t<div class=\"elementor-element elementor-element-4430b78 elementor-position-top elementor-widget elementor-widget-image-box\" data-id=\"4430b78\" data-element_type=\"widget\" data-widget_type=\"image-box.default\">\n\t\t\t\t<div class=\"elementor-widget-container\">\n\t\t\t\t\t<div class=\"elementor-image-box-wrapper\"><figure class=\"elementor-image-box-img\"><img loading=\"lazy\" decoding=\"async\" width=\"195\" height=\"195\" src=\"https:\/\/altaygames.com\/wp-content\/uploads\/2023\/12\/ab-shape3.png\" class=\"attachment-full size-full wp-image-1827\" alt=\"\" srcset=\"https:\/\/altaygames.com\/wp-content\/uploads\/2023\/12\/ab-shape3.png 195w, https:\/\/altaygames.com\/wp-content\/uploads\/2023\/12\/ab-shape3-100x100.png 100w, https:\/\/altaygames.com\/wp-content\/uploads\/2023\/12\/ab-shape3-150x150.png 150w\" sizes=\"auto, (max-width: 195px) 100vw, 195px\" \/><\/figure><div class=\"elementor-image-box-content\"><h4 class=\"elementor-image-box-title\">B\u0130RL\u0130KTE GEL\u0130\u015e\u0130M<\/h4><p class=\"elementor-image-box-description\">Birbirimize sayg\u0131 duydu\u011fumuzda, birbirimize yat\u0131r\u0131m yapt\u0131\u011f\u0131m\u0131zda ve bir ekip olarak ba\u015far\u0131l\u0131 oldu\u011fumuzda daha g\u00fc\u00e7l\u00fc oldu\u011fumuza inan\u0131yoruz<\/p><\/div><\/div>\t\t\t\t<\/div>\n\t\t\t\t<\/div>\n\t\t\t\t<\/div>\n\t\t\t\t<div class=\"elementor-element elementor-element-493c4a0 elementor-widget elementor-widget-spacer\" data-id=\"493c4a0\" data-element_type=\"widget\" data-widget_type=\"spacer.default\">\n\t\t\t\t<div class=\"elementor-widget-container\">\n\t\t\t\t\t\t\t<div class=\"elementor-spacer\">\n\t\t\t<div class=\"elementor-spacer-inner\"><\/div>\n\t\t<\/div>\n\t\t\t\t\t\t<\/div>\n\t\t\t\t<\/div>\n\t\t<div class=\"elementor-element elementor-element-baecc8b e-con-full e-flex e-con e-child\" data-id=\"baecc8b\" data-element_type=\"container\" data-settings=\"{&quot;gamico_line_number&quot;:0}\">\n\t\t\t\t<div class=\"elementor-element elementor-element-cdfd959 elementor-position-top elementor-widget elementor-widget-image-box\" data-id=\"cdfd959\" data-element_type=\"widget\" data-widget_type=\"image-box.default\">\n\t\t\t\t<div class=\"elementor-widget-container\">\n\t\t\t\t\t<div class=\"elementor-image-box-wrapper\"><figure class=\"elementor-image-box-img\"><img loading=\"lazy\" decoding=\"async\" width=\"195\" height=\"195\" src=\"https:\/\/altaygames.com\/wp-content\/uploads\/2023\/12\/ab-shape4.png\" class=\"attachment-full size-full wp-image-1828\" alt=\"\" srcset=\"https:\/\/altaygames.com\/wp-content\/uploads\/2023\/12\/ab-shape4.png 195w, https:\/\/altaygames.com\/wp-content\/uploads\/2023\/12\/ab-shape4-100x100.png 100w, https:\/\/altaygames.com\/wp-content\/uploads\/2023\/12\/ab-shape4-150x150.png 150w\" sizes=\"auto, (max-width: 195px) 100vw, 195px\" \/><\/figure><div class=\"elementor-image-box-content\"><h4 class=\"elementor-image-box-title\">M\u00dcKEMMELL\u0130KLE Y\u00dcR\u00dcTMEK<\/h4><p class=\"elementor-image-box-description\">Operasyonel m\u00fckemmelli\u011fin uzun vadede daha iyi deneyimler sunmam\u0131z\u0131 sa\u011flayaca\u011f\u0131na inan\u0131yoruz<\/p><\/div><\/div>\t\t\t\t<\/div>\n\t\t\t\t<\/div>\n\t\t\t\t<\/div>\n\t\t\t\t<\/div>\n\t\t\t\t\t<\/div>\n\t\t\t\t<\/div>\n\t\t<div class=\"elementor-element elementor-element-0ba79c2 e-flex e-con-boxed e-con e-parent\" data-id=\"0ba79c2\" data-element_type=\"container\" data-settings=\"{&quot;background_background&quot;:&quot;classic&quot;,&quot;gamico_line_number&quot;:0}\">\n\t\t\t\t\t<div class=\"e-con-inner\">\n\t\t<div class=\"elementor-element elementor-element-0c32a65 e-con-full e-flex e-con e-child\" data-id=\"0c32a65\" data-element_type=\"container\" data-settings=\"{&quot;gamico_line_number&quot;:0}\">\n\t\t\t\t<div class=\"elementor-element elementor-element-5a04080 elementor-widget elementor-widget-image\" data-id=\"5a04080\" data-element_type=\"widget\" data-widget_type=\"image.default\">\n\t\t\t\t<div class=\"elementor-widget-container\">\n\t\t\t\t\t\t\t\t\t\t\t\t\t\t\t<img loading=\"lazy\" decoding=\"async\" width=\"727\" height=\"706\" src=\"https:\/\/altaygames.com\/wp-content\/uploads\/2023\/12\/about-pic2.png\" class=\"attachment-full size-full wp-image-198\" alt=\"\" srcset=\"https:\/\/altaygames.com\/wp-content\/uploads\/2023\/12\/about-pic2.png 727w, https:\/\/altaygames.com\/wp-content\/uploads\/2023\/12\/about-pic2-450x437.png 450w, https:\/\/altaygames.com\/wp-content\/uploads\/2023\/12\/about-pic2-300x291.png 300w, https:\/\/altaygames.com\/wp-content\/uploads\/2023\/12\/about-pic2-600x583.png 600w\" sizes=\"auto, (max-width: 727px) 100vw, 727px\" \/>\t\t\t\t\t\t\t\t\t\t\t\t\t\t\t<\/div>\n\t\t\t\t<\/div>\n\t\t\t\t<div class=\"elementor-element elementor-element-93d7c88 elementor-absolute animated-fast elementor-invisible elementor-widget elementor-widget-image\" data-id=\"93d7c88\" data-element_type=\"widget\" data-settings=\"{&quot;_position&quot;:&quot;absolute&quot;,&quot;motion_fx_motion_fx_mouse&quot;:&quot;yes&quot;,&quot;motion_fx_mouseTrack_effect&quot;:&quot;yes&quot;,&quot;motion_fx_mouseTrack_speed&quot;:{&quot;unit&quot;:&quot;px&quot;,&quot;size&quot;:0.5,&quot;sizes&quot;:[]},&quot;_animation&quot;:&quot;opal-scale-up&quot;}\" data-widget_type=\"image.default\">\n\t\t\t\t<div class=\"elementor-widget-container\">\n\t\t\t\t\t\t\t\t\t\t\t\t\t\t\t<img loading=\"lazy\" decoding=\"async\" width=\"130\" height=\"130\" src=\"https:\/\/altaygames.com\/wp-content\/uploads\/2024\/01\/about_decor4.webp\" class=\"attachment-full size-full wp-image-7556\" alt=\"\" srcset=\"https:\/\/altaygames.com\/wp-content\/uploads\/2024\/01\/about_decor4.webp 130w, https:\/\/altaygames.com\/wp-content\/uploads\/2024\/01\/about_decor4-100x100.webp 100w\" sizes=\"auto, (max-width: 130px) 100vw, 130px\" \/>\t\t\t\t\t\t\t\t\t\t\t\t\t\t\t<\/div>\n\t\t\t\t<\/div>\n\t\t\t\t<div class=\"elementor-element elementor-element-d943ca0 elementor-absolute animated-fast elementor-invisible elementor-widget elementor-widget-image\" data-id=\"d943ca0\" data-element_type=\"widget\" data-settings=\"{&quot;_position&quot;:&quot;absolute&quot;,&quot;motion_fx_motion_fx_mouse&quot;:&quot;yes&quot;,&quot;motion_fx_mouseTrack_effect&quot;:&quot;yes&quot;,&quot;motion_fx_mouseTrack_direction&quot;:&quot;negative&quot;,&quot;motion_fx_mouseTrack_speed&quot;:{&quot;unit&quot;:&quot;px&quot;,&quot;size&quot;:0.4,&quot;sizes&quot;:[]},&quot;_animation&quot;:&quot;opal-scale-up&quot;}\" data-widget_type=\"image.default\">\n\t\t\t\t<div class=\"elementor-widget-container\">\n\t\t\t\t\t\t\t\t\t\t\t\t\t\t\t<img loading=\"lazy\" decoding=\"async\" width=\"93\" height=\"105\" src=\"https:\/\/altaygames.com\/wp-content\/uploads\/2024\/01\/about_decor3.webp\" class=\"attachment-full size-full wp-image-7555\" alt=\"\" \/>\t\t\t\t\t\t\t\t\t\t\t\t\t\t\t<\/div>\n\t\t\t\t<\/div>\n\t\t\t\t<div class=\"elementor-element elementor-element-792f927 elementor-absolute animated-fast elementor-invisible elementor-widget elementor-widget-image\" data-id=\"792f927\" data-element_type=\"widget\" data-settings=\"{&quot;_position&quot;:&quot;absolute&quot;,&quot;motion_fx_motion_fx_mouse&quot;:&quot;yes&quot;,&quot;motion_fx_mouseTrack_effect&quot;:&quot;yes&quot;,&quot;motion_fx_mouseTrack_speed&quot;:{&quot;unit&quot;:&quot;px&quot;,&quot;size&quot;:0.8,&quot;sizes&quot;:[]},&quot;motion_fx_tilt_effect&quot;:&quot;yes&quot;,&quot;_animation&quot;:&quot;opal-scale-up&quot;,&quot;motion_fx_tilt_speed&quot;:{&quot;unit&quot;:&quot;px&quot;,&quot;size&quot;:4,&quot;sizes&quot;:[]}}\" data-widget_type=\"image.default\">\n\t\t\t\t<div class=\"elementor-widget-container\">\n\t\t\t\t\t\t\t\t\t\t\t\t\t\t\t<img loading=\"lazy\" decoding=\"async\" width=\"131\" height=\"120\" src=\"https:\/\/altaygames.com\/wp-content\/uploads\/2024\/01\/about_decor2.webp\" class=\"attachment-full size-full wp-image-7554\" alt=\"\" \/>\t\t\t\t\t\t\t\t\t\t\t\t\t\t\t<\/div>\n\t\t\t\t<\/div>\n\t\t\t\t<div class=\"elementor-element elementor-element-83d24eb elementor-absolute animated-fast elementor-invisible elementor-widget elementor-widget-image\" data-id=\"83d24eb\" data-element_type=\"widget\" data-settings=\"{&quot;_position&quot;:&quot;absolute&quot;,&quot;motion_fx_motion_fx_mouse&quot;:&quot;yes&quot;,&quot;motion_fx_mouseTrack_effect&quot;:&quot;yes&quot;,&quot;motion_fx_mouseTrack_direction&quot;:&quot;negative&quot;,&quot;motion_fx_mouseTrack_speed&quot;:{&quot;unit&quot;:&quot;px&quot;,&quot;size&quot;:0.9,&quot;sizes&quot;:[]},&quot;motion_fx_tilt_effect&quot;:&quot;yes&quot;,&quot;_animation&quot;:&quot;opal-scale-up&quot;,&quot;motion_fx_tilt_speed&quot;:{&quot;unit&quot;:&quot;px&quot;,&quot;size&quot;:4,&quot;sizes&quot;:[]}}\" data-widget_type=\"image.default\">\n\t\t\t\t<div class=\"elementor-widget-container\">\n\t\t\t\t\t\t\t\t\t\t\t\t\t\t\t<img loading=\"lazy\" decoding=\"async\" width=\"163\" height=\"167\" src=\"https:\/\/altaygames.com\/wp-content\/uploads\/2024\/01\/about_decor1.webp\" class=\"attachment-full size-full wp-image-7553\" alt=\"\" \/>\t\t\t\t\t\t\t\t\t\t\t\t\t\t\t<\/div>\n\t\t\t\t<\/div>\n\t\t\t\t<\/div>\n\t\t<div class=\"elementor-element elementor-element-ed53c34 e-con-full e-flex e-con e-child\" data-id=\"ed53c34\" data-element_type=\"container\" data-settings=\"{&quot;gamico_line_number&quot;:0}\">\n\t\t\t\t<div class=\"elementor-element elementor-element-bdf1cad animated-fast elementor-invisible elementor-widget elementor-widget-heading\" data-id=\"bdf1cad\" data-element_type=\"widget\" data-settings=\"{&quot;_animation&quot;:&quot;opal-move-up&quot;}\" data-widget_type=\"heading.default\">\n\t\t\t\t<div class=\"elementor-widget-container\">\n\t\t\t\t\t<h1 class=\"elementor-heading-title elementor-size-default\">\u00c7e\u015fitlilik ve Kapsay\u0131c\u0131l\u0131k<\/h1>\t\t\t\t<\/div>\n\t\t\t\t<\/div>\n\t\t\t\t<div class=\"elementor-element elementor-element-4e7f954 elementor-widget__width-initial elementor-widget-mobile__width-inherit animated-fast elementor-invisible elementor-widget elementor-widget-text-editor\" data-id=\"4e7f954\" data-element_type=\"widget\" data-settings=\"{&quot;_animation&quot;:&quot;opal-move-up&quot;}\" data-widget_type=\"text-editor.default\">\n\t\t\t\t<div class=\"elementor-widget-container\">\n\t\t\t\t\t\t\t\t\t<p>Oyun yapmay\u0131 seven ve \u00e7e\u015fitlilik ve kapsay\u0131c\u0131l\u0131k konusunda \u00e7\u0131tay\u0131 y\u00fcksek tutan insanlar i\u00e7in harika bir yuva yaratmaya odakland\u0131k<\/p>\t\t\t\t\t\t\t\t<\/div>\n\t\t\t\t<\/div>\n\t\t\t\t<div class=\"elementor-element elementor-element-828a13f elementor-widget__width-initial elementor-widget-mobile__width-inherit animated-fast elementor-invisible elementor-widget elementor-widget-text-editor\" data-id=\"828a13f\" data-element_type=\"widget\" data-settings=\"{&quot;_animation&quot;:&quot;opal-move-up&quot;}\" data-widget_type=\"text-editor.default\">\n\t\t\t\t<div class=\"elementor-widget-container\">\n\t\t\t\t\t\t\t\t\t<p>Tutku, vizyon ve azme sahip herkesin olumlu bir etki yaratabilece\u011fine inan\u0131yoruz. Bu felsefenin bir par\u00e7as\u0131 olarak, bir \u015firket olarak oyunculara, ortaklara, Riot\u00e7ulara ve hizmet verdi\u011fimiz topluluklara uzun vadeli de\u011fer ve olumlu etki sa\u011flayabilece\u011fimiz yollar oldu\u011funa da inan\u0131yoruz.<\/p>\t\t\t\t\t\t\t\t<\/div>\n\t\t\t\t<\/div>\n\t\t\t\t<\/div>\n\t\t\t\t\t<\/div>\n\t\t\t\t<\/div>\n\t\t\t\t<\/div>","protected":false},"excerpt":{"rendered":"<p>ALTAY GAMES ANKARA MERKEZL\u0130 BA\u011eIMSIZ OYUN GEL\u0130\u015eT\u0130R\u0130C\u0130S\u0130D\u0130R Altay Games, video oyunlar\u0131 yaratma tutkusunu ve azmini payla\u015fan,\u00a0 deneyimli profesyonelden olu\u015fan bir ekiptir. St\u00fcdyolar, hizmet hatt\u0131na g\u00f6re Grup&#8217;a entegre edilir ve insanlar\u0131n ve projelerin st\u00fcdyolar ve co\u011frafyalar aras\u0131nda \u00e7al\u0131\u015fabilmesini sa\u011flamak i\u00e7in bu hizmet hatlar\u0131 taraf\u0131ndan da\u011f\u0131t\u0131lan i\u015fletim sistemlerini ve ara\u00e7lar\u0131 kullan\u0131r. 0 + y\u0131ll\u0131k tecr\u00fcbe 0 M+ [&hellip;]<\/p>","protected":false},"author":1,"featured_media":0,"parent":0,"menu_order":0,"comment_status":"closed","ping_status":"closed","template":"template-homepage.php","meta":{"footnotes":""},"class_list":["post-69","page","type-page","status-publish","hentry"],"_links":{"self":[{"href":"https:\/\/altaygames.com\/en\/wp-json\/wp\/v2\/pages\/69","targetHints":{"allow":["GET"]}}],"collection":[{"href":"https:\/\/altaygames.com\/en\/wp-json\/wp\/v2\/pages"}],"about":[{"href":"https:\/\/altaygames.com\/en\/wp-json\/wp\/v2\/types\/page"}],"author":[{"embeddable":true,"href":"https:\/\/altaygames.com\/en\/wp-json\/wp\/v2\/users\/1"}],"replies":[{"embeddable":true,"href":"https:\/\/altaygames.com\/en\/wp-json\/wp\/v2\/comments?post=69"}],"version-history":[{"count":7,"href":"https:\/\/altaygames.com\/en\/wp-json\/wp\/v2\/pages\/69\/revisions"}],"predecessor-version":[{"id":8295,"href":"https:\/\/altaygames.com\/en\/wp-json\/wp\/v2\/pages\/69\/revisions\/8295"}],"wp:attachment":[{"href":"https:\/\/altaygames.com\/en\/wp-json\/wp\/v2\/media?parent=69"}],"curies":[{"name":"wp","href":"https:\/\/api.w.org\/{rel}","templated":true}]}}