{"id":8371,"date":"2025-06-17T11:37:30","date_gmt":"2025-06-17T08:37:30","guid":{"rendered":"https:\/\/altaygames.com\/?page_id=8371"},"modified":"2025-06-17T11:47:57","modified_gmt":"2025-06-17T08:47:57","slug":"kullanici-sozlesmesi","status":"publish","type":"page","link":"https:\/\/altaygames.com\/en\/kullanici-sozlesmesi\/","title":{"rendered":"User Agreement"},"content":{"rendered":"<p><strong>\u00dcyelik S\u00f6zle\u015fmesi<\/strong><\/p>\n\n\n\n<p>\u0130\u015fbu \u00fcyelik s\u00f6zle\u015fmesi altaygames.com sitesi \u00fcyesi (yani siz) ile altaygames.com aras\u0131nda tesis edilecek olan bir i\u015fbirli\u011fi ve \u00e7al\u0131\u015fma \u015fartlar\u0131 metnidir. Kabul etmeden \u00f6nce l\u00fctfen dikkatlice okuyunuz. Sitemize \u00fcye olman\u0131z ve sitemizi kullanman\u0131z t\u00fcm bu \u00fcyelik ve kullan\u0131m \u015fartlar\u0131n\u0131 kabul etmi\u015f olman\u0131z anlam\u0131na gelir. Bu kurallar altaygames.com y\u00f6netimi taraf\u0131ndan gerek g\u00f6r\u00fcld\u00fck\u00e7e de\u011fi\u015ftirilebilir, kurallar\u0131 de\u011fi\u015ftirme hakk\u0131m\u0131z her zaman sakl\u0131d\u0131r. Siteye \u00fcye olan veya ziyaret eden veya herhangi bir \u015fekilde faydalanan herkes bu kurallarda yap\u0131labilecek de\u011fi\u015fikliklerden sonra \u00e7\u0131kan \u00fcyelik s\u00f6zle\u015fmesinde yenileme k\u0131sm\u0131ndan yeni s\u00f6zle\u015fmeyi okuyup okudum demeden i\u015flemlerine devam edemez. Yenilenmi\u015f kurallar\u0131 okuyup uygun bulmad\u0131\u011f\u0131 k\u0131s\u0131mlar var ise \u00fcyeli\u011fini sonland\u0131rmak veya \u00e7al\u0131\u015fmaya devam edip de\u011fi\u015ftirilmi\u015f kurallara da de\u011fi\u015ftirildi\u011fi \u015feklinde uymak y\u00fck\u00fcml\u00fcl\u00fc\u011f\u00fcndedir. Buradan \u00fcye olunarak bu kurallar\u0131n kabul edilmi\u015f olmas\u0131 sitenin siteyi herhangi bir kullan\u0131m yolu tercih edildi\u011finde de (\u00c7a\u011fr\u0131 merkezi, Sesli Yan\u0131t Sistemi, SMS veya daha ileride aktif edilebilecek her t\u00fcrl\u00fc kullan\u0131m \u015feklinde) yukar\u0131daki y\u00fck\u00fcml\u00fcl\u00fcklere uyulmas\u0131n\u0131 gerektirir. \u0130\u015fbu \u00fcyelik s\u00f6zle\u015fmesi bu sitedeki hizmetin herhangi bir ortamda kullan\u0131lmas\u0131 halinde de ge\u00e7erlidir. \u00dcye buradaki \u015fartlar \u00e7er\u00e7evesinde \u00e7al\u0131\u015fan sistemin kurallar\u0131ndan dolay\u0131 herhangi bir \u015fekilde itiraz hakk\u0131 bulunmad\u0131\u011f\u0131n\u0131, hukuki bir dava sebebi bile te\u015fkil etmeyece\u011fini \u00fcye olarak ve siteyi kullanarak kabul ve beyan eder.<br><br><strong>\u00dcyelik anla\u015fmas\u0131 \u015fartlar\u0131<\/strong><\/p>\n\n\n\n<p>1) altaygames.com hi\u00e7bir \u015fekilde, \u00fcyelerinin \u00fcye olurken vermi\u015f olduklar\u0131 \u00f6zel bilgileri ayn\u0131 \u015firkete ait siteler haricinde kullanamaz ve payla\u015famaz.<\/p>\n\n\n\n<p>2) altaygames.com sitesine \u00fcye olunurken kullan\u0131lm\u0131\u015f pilot numara ile birden fazla \u00fcyelik tesis edilemez.<\/p>\n\n\n\n<p>3) Her \u00fcyenin aktivasyonu ve \u015fifresinin korunmas\u0131 kendi sorumlulu\u011fundad\u0131r. altaygames.com \u015fifrenizi ve \u00fcyeli\u011finizi koruyabilmeniz i\u00e7in ekstra g\u00fcvenlik se\u00e7enekleri geli\u015ftirmi\u015ftir. \u00dcyeli\u011fin ve \u015fifrelerin korunmas\u0131 tamamen \u00fcyelerin sorumlulu\u011fundad\u0131r, altaygames.com bu konu ile ilgili hi\u00e7bir noktada sorumluluk kabul etmez.<\/p>\n\n\n\n<p>4) altaygames.com \u00fcyelikleri bireysel ve kurumsal olarak iki ayr\u0131 \u015fekildedir. Hi\u00e7bir \u015fekilde devredilemez, ba\u015fkas\u0131na \u00f6d\u00fcn\u00e7 verilemez, kulland\u0131r\u0131lamaz. T\u00fcm bunlardan kaynaklanacak sorumluluklar tamamen \u00fcyelerin ve kurumlar\u0131n kendilerine aittir. altaygames.com bu konu ile ilgili hi\u00e7 bir sorumluluk ta\u015f\u0131maz.<\/p>\n\n\n\n<p>5) altaygames.com&#8217;a \u00fcye olurken verilen bilgilerin do\u011fru oldu\u011fu kabul edilir. Kaydedilmi\u015f mail adresine ve pilot cep telefon numaras\u0131na yap\u0131lacak her t\u00fcrl\u00fc bilgiler otomatikman \u00fcyeye ula\u015fm\u0131\u015f kabul edilir. Bu ileti\u015fimde yap\u0131lm\u0131\u015f yanl\u0131\u015f bildirimlerden dolay\u0131 olu\u015fabilecek kar\u0131\u015f\u0131kl\u0131k ve zararlardan altaygames.com sorumlu de\u011fildir.<\/p>\n\n\n\n<p>6) T\u00fcm \u00fcyelik tiplerinde verilen bilgilerin do\u011fru olmad\u0131\u011f\u0131n\u0131n tespit edilmesi \u00fcyelik iptaline sebep te\u015fkil eder. \u00dcyelik hesab\u0131nda bulunan kalan bakiyeler ile ilgili olarak altaygames.com sitesi y\u00f6netiminin kanuni herhangi bir sorun olu\u015fup olu\u015fmad\u0131\u011f\u0131n\u0131n anla\u015f\u0131labilmesi a\u00e7\u0131s\u0131ndan 90 i\u015f g\u00fcn\u00fc bekletebilir, \u00fcyelik bilgilerini bilerek veya bilmeyerek yanl\u0131\u015f vermi\u015f olan \u00fcye herhangi bir hak talep edemez. Yanl\u0131\u015f bilgi verildi\u011finde \u00fcyeli\u011fin iptal edilmesi veya edilmemesi karar yetkisi tamamen altaygames.com&#8217;a aittir.<\/p>\n\n\n\n<p>7) \u00dcyelik iptali sonucunda \u00fcyenin kotas\u0131nda bulunan kont\u00f6r stoklar\u0131ndan \u00fcyeye o zamana kadar verilmi\u015f olan t\u00fcm bonuslar, sat\u0131n al\u0131m esnas\u0131nda firmam\u0131z taraf\u0131ndan kar\u015f\u0131lanm\u0131\u015f olan t\u00fcm kredi kart\u0131 masraflar\u0131 ve muhtemel giderler kesilerek, \u00fcyenin al\u0131m\u0131 yapm\u0131\u015f oldu\u011fu \u015fartlarda (\u00fcye pe\u015fin al\u0131m yapm\u0131\u015f ise pe\u015fin olarak, taksitli al\u0131m yapm\u0131\u015fsa taksitli olarak b\u00f6l\u00fcnerek) iade edilir.<\/p>\n\n\n\n<p>8) \u00dcyenin hesab\u0131nda bakiye bulunmamas\u0131ndan kaynaklanan veya kredi kart\u0131n\u0131n \u00f6demeye cevap vermemesi nedeni ile ger\u00e7ekle\u015ftirilememi\u015f i\u015flemlerden Tltoptan.net sorumlu de\u011fildir.<\/p>\n\n\n\n<p>9) Sitemizden kredi kart\u0131 ile yap\u0131lm\u0131\u015f olan al\u0131mlarda KES\u0130NL\u0130KLE nakit iade talep edilemez, ayn\u0131 g\u00fcn i\u00e7erisinde bildirilmesi halinde E\u011eER KART \u0130LE \u00d6DENM\u0130\u015e OLAN RAKAMDAN HERHANG\u0130 B\u0130R M\u0130KTAR KULLANILMAMI\u015e \u0130SE tahsilat iptal edilir. Ayn\u0131 \u015fartlarda ge\u00e7erli olmak \u00fczere \u00f6demesi kredi kart\u0131 ile yap\u0131lm\u0131\u015f fakat hi\u00e7 kullan\u0131lmam\u0131\u015f \u00f6demeler 7 (yedi) i\u015f g\u00fcn\u00fc i\u00e7erisinde talep edilmesi halinde \u00f6demeyi yapm\u0131\u015f olan karta iade edilir.<\/p>\n\n\n\n<p>10) Sitemiz arac\u0131l\u0131\u011f\u0131 ile g\u00f6nderilmi\u015f mesajlar\u0131n sorumlulu\u011fu tamamen \u00fcyenin kendi sorumlulu\u011fundad\u0131r. Bu i\u00e7eriklerle ilgili sitemiz sorumlu tutulamaz. Gelebilecek muhtemel tepkiler, \u015fikayetler veya hukuki kararlar sonucunda altaygames.com \u00fcyenin k\u0131smi kullan\u0131m\u0131n\u0131 engellemek veya t\u00fcm \u00fcyeli\u011fini iptal etmek hakk\u0131n\u0131 kendinde sakl\u0131 tutar.<\/p>\n\n\n\n<p>11) altaygames.com sitesi her ne kadar kontrol etmeye \u00f6zen g\u00f6steriyor ise de reklam\u0131 al\u0131nm\u0131\u015f olan firmalar\u0131n yay\u0131n i\u00e7eriklerinden kesinlikle sorumlu tutulamaz.<\/p>\n\n\n\n<p>12) altaygames.com sitesi \u00fcyelerinin eri\u015fim bilgilerini kendi sitesi veya ayn\u0131 \u015firkete veya \u015firketler grubuna ait siteler ile ilgili olarak bilgilendirme ama\u00e7l\u0131 kullanabilir, hizmet kalitesini artt\u0131rmak i\u00e7in istatistiksel bilgilere \u00e7evirebilir. \u00dcye siteye \u00fcye olarak bu \u015fart\u0131 kabul etmi\u015f say\u0131l\u0131r.<\/p>\n\n\n\n<p>13) Teknik sorunlardan dolay\u0131 altaygames.com sitesine eri\u015fim m\u00fcmk\u00fcn olmayabilir, veya ana sa\u011flay\u0131c\u0131lardan al\u0131nan hizmetlerde kesiklik veya \u00e7al\u0131\u015fmamazl\u0131k olabilir. altaygames.com bunlardan dolay\u0131 sorumlu tutulamaz.<\/p>\n\n\n\n<p>14) altaygames.com sitesinde bulunan bilgi, i\u00e7erik yaz\u0131 veya burada belirtilmemi\u015f herhangi bir materyalin ba\u015fka sitelerde kullan\u0131lmas\u0131 yasakt\u0131r. Ancak kaynak g\u00f6stermek kayd\u0131 ile al\u0131nt\u0131 yap\u0131labilir. Sitenin her t\u00fcrl\u00fc hakk\u0131 D\u0130R\u0130L\u0130\u015e \u0130LET\u0130\u015e\u0130M GIDA SANAY\u0130 VE T\u0130CARET LTD. \u015eT\u0130. ne aittir.<\/p>\n\n\n\n<p>15) altaygames.com sitesinde \u00fcyelerinin kredi kart\u0131 bilgileri saklanmaz, sadece \u00fcyenin al\u0131m opsiyonlar\u0131 i\u00e7erisinde sms ile sat\u0131n al\u0131m tercihini de istemesinden dolay\u0131 mesaj i\u00e7eriklerinin uzun olmamas\u0131 i\u00e7in tahsilat yapmaya yeterli olmayacak bir miktar bilgi \u00fcyenin onay\u0131 ile kaydedilir ve SMS ile sat\u0131n alma a\u015famas\u0131nda tahsilat i\u00e7in gerekli olan di\u011fer bilgilerin sisteme g\u00f6nderilmesi beklenir, sitemizin g\u00fcvenli\u011fi d\u00fcnya standard\u0131 g\u00fcvenlik sertifikalar\u0131 ile ek olarak firewalller ile sa\u011flanm\u0131\u015ft\u0131r. Kredi kart\u0131 bilgileri ile ilgili olu\u015fabilecek sorunlarda altaygames.com hi\u00e7bir hukuki sorumluluk ta\u015f\u0131maz.<\/p>\n\n\n\n<p>16) Pilot numara olarak verilmi\u015f numaran\u0131n \u00fcyeye ait olmas\u0131 zorunludur. Kaydedilen \u00fcyelikte ilk ileti\u015fim sms ile yap\u0131ld\u0131\u011f\u0131 i\u00e7in. Yanl\u0131\u015f numara ile \u00fcye olunmas\u0131 ve numaran\u0131n da ba\u015fkas\u0131na ait olmas\u0131 hallerinde, sms&#8217;i alm\u0131\u015f olan as\u0131l ki\u015finin sitemize ba\u015fvurup bildirmemesi halinde o numaran\u0131n kullan\u0131m\u0131ndan kaynaklanacak sorunlarda altaygames.com sitesi herhangi bir sorumluluk kabul etmez.<\/p>\n\n\n\n<p>17) altaygames.com herhangi bir neden belirtmeksizin \u00fcyelerinin kullan\u0131m servislerini k\u0131s\u0131tlama, \u00fcyelikten \u00e7\u0131karma, kullan\u0131m \u015feklini de\u011fi\u015ftirmek hakk\u0131na sahiptir.<\/p>\n\n\n\n<p>18) altaygames.com yasal mercilerden gelen kullan\u0131m detay\u0131 veya \u00fcye bilgileri gibi bilgileri payla\u015fma talepleri halinde &#8220;mahkeme karar\u0131 olmaks\u0131z\u0131n&#8221; payla\u015f\u0131p payla\u015fmamakta serbesttir. Hukuki ve T\u00fcrkiye Cumhuriyetinde ge\u00e7erli bir mahkeme karar\u0131 olmad\u0131\u011f\u0131 s\u00fcrece bilgilerin payla\u015f\u0131lmas\u0131 konusunda hi\u00e7bir \u015fekilde zorunlu tutulamaz.<\/p>\n\n\n\n<p>19) \u00dcye altaygames.com sitesinin bilgisi veya izni olmaks\u0131z\u0131n site ad\u0131na herhangi bir giri\u015fimde bulunamaz, materyallerini kullanamaz ve herhangi bir anla\u015fmaya dahil edemez. Bu tarz durumlarda altaygames.com&#8217;un hizmetini kesmesi anla\u015fmaya muhatap taraflar kar\u015f\u0131s\u0131nda herhangi bir sorumlulu\u011funu do\u011furmaz.<\/p>\n\n\n\n<p>20) \u00dcyenin kendi \u00f6zel bilgilerini, \u015fifresini veya telefonunu altaygames.com sitesinin ihmali veya payla\u015f\u0131m\u0131 olmaks\u0131z\u0131n ba\u015fkalar\u0131na okutmu\u015f, bilgilendirmi\u015f veya kulland\u0131rm\u0131\u015f olmas\u0131ndan dolay\u0131 olu\u015fabilecek zararlardan sitemizi sorumlu tutamaz. Bu konudaki sorumluluk tamamiyle \u00fcyenin kendisine aittir.<\/p>\n\n\n\n<p>21) altaygames.com t\u00fcm \u00fcyeliklere ayr\u0131 ayr\u0131 olmak \u00fczere de\u011fi\u015fik sat\u0131n alma \u015fartlar\u0131 ve kampanyalar\u0131 d\u00fczenleyebilir, bu \u015fartlar al\u0131m kotalar\u0131na, al\u0131m \u015fartlar\u0131na ve al\u0131m miktarlar\u0131na ba\u011fl\u0131 olarak de\u011fi\u015fim g\u00f6sterebilir. Di\u011fer \u00fcyelerin bu neden dolay\u0131 herhangi bir itiraz veya dava hakk\u0131 bulunmamaktad\u0131r.<\/p>\n\n\n\n<p>22) altaygames.com sistemine \u00fcyelik ger\u00e7ekle\u015ftiren \u00fcyeler Tltoptan.net ve D\u0130R\u0130L\u0130\u015e \u0130LET\u0130\u015e\u0130M GIDA SANAY\u0130 VE T\u0130CARET LTD. \u015eT\u0130. taraf\u0131ndan g\u00f6nderilecek her t\u00fcrl\u00fc bildirim\/tan\u0131t\u0131m SMSlerini ve elektronik postalar\u0131n\u0131 almay\u0131 pe\u015finen kabul ederler, bu bildirimleri almak istemediklerini bildiren talepleri kar\u015f\u0131s\u0131nda en ge\u00e7 5 i\u015f g\u00fcn\u00fc i\u00e7erisinde bayilikleri silinmek sureti ile bu SMSleri veya elektronik postalar\u0131 almalar\u0131 engellenir. Bayiliklerinin silinme talebinde bulunmadan, kendilerine ula\u015ft\u0131r\u0131lacak olan olsun SMSler olsun elektronik postalar ile ilgili olarak herhangi bir dava a\u00e7ma, kanuni s\u00fcre\u00e7 ba\u015flatma haklar\u0131ndan pe\u015finen feragat ettiklerini sitemize \u00fcye olduklar\u0131 andan itibaren kabul ve beyan ederler.<\/p>\n\n\n\n<p>23) Firmam\u0131z e-fatura m\u00fckellefi olmas\u0131 nedeni ile t\u00fcm \u00fcyelerimizin faturalar\u0131 her ay mail adreslerine g\u00f6nderilmektedir, Bu g\u00f6nderimlerde \u00fcyenin kay\u0131t esnas\u0131nda vermi\u015f oldu\u011fu mail adresleri resmi tebli\u011f ve bildirim adresleri olarak kabul edilir ve bu kay\u0131tlarda bulunan bilgiler do\u011frultusunda g\u00f6nderimler ger\u00e7ekle\u015ftirilir. Faturalar\u0131n ula\u015fmamas\u0131 halinde \u00fcyenin firmam\u0131za bilgi vererek tekrar g\u00f6nderilmesi veya bas\u0131l\u0131 olarak adresine g\u00f6nderilmesi sa\u011flan\u0131r, \u00fcye, \u00fcyeli\u011fini ger\u00e7ekle\u015ftirirken, okudu\u011funu ve onaylad\u0131\u011f\u0131n\u0131 kabul etmi\u015f oldu\u011fu bu s\u00f6zle\u015fme maddeleri gere\u011fi, bu konuda herhangi bir itiraz veya zarar talebinde bulunma hakk\u0131ndan feragat eder.<\/p>\n\n\n\n<p>24) Herhangi bir hukuki anla\u015fmazl\u0131k vukuu buldu\u011funda Ankara Mahkemeleri yetkili k\u0131l\u0131nm\u0131\u015ft\u0131r.<\/p>\n\n\n\n<p>25) \u0130\u015fbu \u00fcyelik anla\u015fmas\u0131 toplam 25 (yirmibe\u015f) maddeden ibaret olup, \u00fcye \u00fcyelik an\u0131nda okundu\u011funun ve \u015fartlar\u0131n kabul edildi\u011finin belirtilmesi sonucunda \u00fcyeli\u011fi ger\u00e7ekle\u015ftirilir.<\/p>","protected":false},"excerpt":{"rendered":"<p>\u00dcyelik S\u00f6zle\u015fmesi \u0130\u015fbu \u00fcyelik s\u00f6zle\u015fmesi altaygames.com sitesi \u00fcyesi (yani siz) ile altaygames.com aras\u0131nda tesis edilecek olan bir i\u015fbirli\u011fi ve \u00e7al\u0131\u015fma \u015fartlar\u0131 metnidir. Kabul etmeden \u00f6nce l\u00fctfen dikkatlice okuyunuz. Sitemize \u00fcye olman\u0131z ve sitemizi kullanman\u0131z t\u00fcm bu \u00fcyelik ve kullan\u0131m \u015fartlar\u0131n\u0131 kabul etmi\u015f olman\u0131z anlam\u0131na gelir. Bu kurallar altaygames.com y\u00f6netimi taraf\u0131ndan gerek g\u00f6r\u00fcld\u00fck\u00e7e de\u011fi\u015ftirilebilir, kurallar\u0131 de\u011fi\u015ftirme [&hellip;]<\/p>","protected":false},"author":1,"featured_media":0,"parent":0,"menu_order":0,"comment_status":"closed","ping_status":"closed","template":"","meta":{"footnotes":""},"class_list":["post-8371","page","type-page","status-publish","hentry"],"_links":{"self":[{"href":"https:\/\/altaygames.com\/en\/wp-json\/wp\/v2\/pages\/8371","targetHints":{"allow":["GET"]}}],"collection":[{"href":"https:\/\/altaygames.com\/en\/wp-json\/wp\/v2\/pages"}],"about":[{"href":"https:\/\/altaygames.com\/en\/wp-json\/wp\/v2\/types\/page"}],"author":[{"embeddable":true,"href":"https:\/\/altaygames.com\/en\/wp-json\/wp\/v2\/users\/1"}],"replies":[{"embeddable":true,"href":"https:\/\/altaygames.com\/en\/wp-json\/wp\/v2\/comments?post=8371"}],"version-history":[{"count":2,"href":"https:\/\/altaygames.com\/en\/wp-json\/wp\/v2\/pages\/8371\/revisions"}],"predecessor-version":[{"id":8390,"href":"https:\/\/altaygames.com\/en\/wp-json\/wp\/v2\/pages\/8371\/revisions\/8390"}],"wp:attachment":[{"href":"https:\/\/altaygames.com\/en\/wp-json\/wp\/v2\/media?parent=8371"}],"curies":[{"name":"wp","href":"https:\/\/api.w.org\/{rel}","templated":true}]}}