{"id":8376,"date":"2025-06-17T11:38:39","date_gmt":"2025-06-17T08:38:39","guid":{"rendered":"https:\/\/altaygames.com\/?page_id=8376"},"modified":"2025-06-17T11:44:17","modified_gmt":"2025-06-17T08:44:17","slug":"gizlilik-sozlesmesi","status":"publish","type":"page","link":"https:\/\/altaygames.com\/en\/gizlilik-sozlesmesi\/","title":{"rendered":"Privacy"},"content":{"rendered":"<p>1) altaygames.com sitesi m\u00fc\u015fterilerinin veri g\u00fcvenli\u011fini 128 bit SSL sertifikas\u0131 ile sa\u011flamaktad\u0131r.<\/p>\n\n\n\n<p>2) Sistemimizde altaygames.com&#8217;a ait olan marka ve logolar d\u0131\u015f\u0131nda kullan\u0131lmakta olan t\u00fcm marka. amblem ve logolar\u0131n haklar\u0131 tamamen sahiplerine aittir.<\/p>\n\n\n\n<p>3) altaygames.com web sitesi olas\u0131 t\u00fcm teknolojik imkanlar kullan\u0131larak vir\u00fcs ve benzeri ama\u00e7l\u0131 yaz\u0131l\u0131mlardan ar\u0131nd\u0131r\u0131lm\u0131\u015f ve bu y\u00f6nde tedbir al\u0131nm\u0131\u015ft\u0131r. Fakat site kullan\u0131c\u0131lar\u0131 yine de kendi vir\u00fcs tarama veya engelleme tedbirlerini almak y\u00fck\u00fcml\u00fcl\u00fc\u011f\u00fcndedirler. Bu a\u00e7\u0131dan kullan\u0131c\u0131lar. tltoptan.net web sitesine girmi\u015f olmalar\u0131 nedeniyle. kendi yaz\u0131l\u0131m ve i\u015fletim sistemlerinde olu\u015fabilecek t\u00fcm hata ve bunlar\u0131n do\u011frudan ya da dolayl\u0131 sonu\u00e7lar\u0131ndan kendilerinin sorumlu olduklar\u0131n\u0131 kabul ederler.<\/p>\n\n\n\n<p>4) altaygames.com web sitesinde yer alan her t\u00fcrl\u00fc bilgi sadece tan\u0131t\u0131m ve bilgi verme ama\u00e7l\u0131d\u0131r. Kullan\u0131c\u0131 hi\u00e7bir \u015fekilde web sitesinde yer alan bilgilerin eksik veya hatal\u0131 oldu\u011fu ya da bu bilgilere istinaden zarara u\u011frad\u0131\u011f\u0131 iddias\u0131nda bulunamaz. Tltoptan.net. web sitesinde yay\u0131nlanan bilgilerin g\u00fcncel olmamas\u0131 nedeniyle ya\u015fanabilecek herhangi bir zarardan kesinlikle sorumlu de\u011fildir.<\/p>\n\n\n\n<p>5) altaygames.com sitenin i\u00e7eri\u011fini diledi\u011fi zaman de\u011fi\u015ftirme. kullan\u0131c\u0131lara sa\u011flanan herhangi bir hizmeti de\u011fi\u015ftirme ya da sona erdirme ve sitede kay\u0131tl\u0131 kullan\u0131c\u0131 bilgi ve verilerini silme hakk\u0131n\u0131 sakl\u0131 tutar. Tltoptan.net web sitesinin hatas\u0131z olmas\u0131 i\u00e7in en ileri teknoloji ve en y\u00fcksek teknik altyap\u0131y\u0131 kullan\u0131yor olmakla birlikte. sitede mevcut ya da olu\u015fabilecek hatalar ile ilgili herhangi bir garanti verilmemektedir.<\/p>\n\n\n\n<p>6) Resmi makamlardan bayiye y\u00f6nelik bir su\u00e7 duyurusu ya da resmi bilgi talebi gelmesi ve\/veya kullan\u0131c\u0131n\u0131n tltoptan.net sistemlerinin \u00e7al\u0131\u015fmas\u0131na engel olacak ya da i\u015fleyi\u015fini de\u011fi\u015ftirecek herhangi bir elektronik sabotaj veya sald\u0131r\u0131 yapt\u0131\u011f\u0131n\u0131n tespit edilmesi halinde. tltoptan.net kullan\u0131c\u0131n\u0131n kimlik bilgilerini ara\u015ft\u0131rma ve yasal mercilere bildirimde bulunma hakk\u0131na sahiptir.<\/p>\n\n\n\n<p>7) Sistem kullan\u0131c\u0131lar\u0131n\u0131n. \u015fifrelerini veya kimlik do\u011frulama ara\u00e7lar\u0131n\u0131. telefonlar\u0131n\u0131. maillerini vs vs.. ba\u015fkalar\u0131na vermi\u015f veya kaybetmi\u015f \u2013 \u00e7ald\u0131rm\u0131\u015f olmalar\u0131ndan dolay\u0131 bayiliklerini ba\u015fka biri veya birilerinin kullanarak bayinin zarar\u0131na sebep olmas\u0131 sonucunda tltoptan.net sitesinin hi\u00e7bir sorumlulu\u011fu bulunmamaktad\u0131r.<\/p>\n\n\n\n<p>8) Mevcut platform internet \u00fczerinde olmas\u0131ndan dolay\u0131 her ne kadar tedbir al\u0131nsa da bilgiler internet \u00fczerinde yeterli g\u00fcvenlik \u00f6nlemleri olmaks\u0131z\u0131n dola\u015fabilir ve yetkili olmayan ki\u015filer taraf\u0131ndan al\u0131n\u0131p kullan\u0131labilir. Hi\u00e7bir teknolojik sistem tamamen g\u00fcvenli. ve k\u0131r\u0131lamaz. s\u0131z\u0131lamaz de\u011fildir. Tltoptan.net . t\u00fcm bayilerine geli\u015fkin bir g\u00fcvenlik. \u015fifreleme ve iki a\u015famal\u0131 g\u00fcvenlik (2FA) deste\u011fi sunmakta ve teknolojik olarak al\u0131nabilecek t\u00fcm g\u00fcvenlik olanaklar\u0131n\u0131 BAY\u0130N\u0130N AYARLAMALARI ve \u0130STEKLER\u0130 DO\u011eRULTUSUNDA kullanmalar\u0131 \u00fczerine sunmaktad\u0131r. Bunun yan\u0131 s\u0131ra bayi de kendi g\u00fcvenlik \u00f6nlemlerini kendi veri g\u00fcvenli\u011fini kendi bilgisayar\u0131nda veya eri\u015fim sa\u011flad\u0131\u011f\u0131 t\u00fcm cihazlar\u0131nda almak zorundad\u0131r. Bu \u00f6nlemlerin al\u0131nmamas\u0131 veya yetersiz al\u0131nmas\u0131 sonucunda u\u011franabilecek zararlardan tltoptan.net hi\u00e7bir \u015fekilde sorumluluk kabul etmez.<\/p>\n\n\n\n<p>9) altaygames.com sisteminde. sistemi geli\u015ftirmek. istatistikler sonucunda varsa eksikleri tespit edebilmek ve giderebilmek amac\u0131 ile istatistiki olarak \u00f6zel bilgi olmayan bilgileri toplanabilir. Bu tip bilgilere \u00f6rnek olarak kulland\u0131\u011f\u0131n\u0131z internet web taray\u0131c\u0131n\u0131n t\u00fcr\u00fc. i\u015fletim sisteminiz. b\u00f6lgeniz. bize ula\u015f\u0131m \u015fekliniz. i\u015flem yap\u0131lan \u00fcr\u00fcnler gibi bilgiler g\u00f6sterilebilir.<\/p>\n\n\n\n<p>10) Bu gizlilik ve g\u00fcvenlik \u015fartlar\u0131m\u0131z. T.C. yasalar\u0131na uygun olarak. hi\u00e7bir yasal tezata yer verilmeden y\u00fcr\u00fct\u00fclecektir. E\u011fer bu \u015fartlar\u0131n herhangi bir maddesi. yasad\u0131\u015f\u0131. ge\u00e7ersiz ya da herhangi bir nedenden \u00f6t\u00fcr\u00fc yasal a\u00e7\u0131dan uygulanamaz durumdaysa. o halde s\u00f6z konusu madde bu maddeler aras\u0131ndan \u00e7\u0131kar\u0131labilir say\u0131lacak ve geriye kalan maddelerin ge\u00e7erlili\u011fini ve yasal a\u00e7\u0131dan uygulanabilirli\u011fi etkilenmeyecektir.<\/p>\n\n\n\n<p>11) Herhangi bir anla\u015fmazl\u0131k vukuunda hukuki ba\u015fvurular ile ilgili olarak Ankara Adliyeleri ve Ticaret Mahkemeleri yetkili k\u0131l\u0131nm\u0131\u015ft\u0131r.<\/p>\n\n\n\n<p>12) altaygames.com sitesine giri\u015f yaparak burada belirlenmi\u015f t\u00fcm \u015fartlar\u0131 kabul etmi\u015f say\u0131lmaktas\u0131n\u0131z.<\/p>","protected":false},"excerpt":{"rendered":"<p>1) altaygames.com sitesi m\u00fc\u015fterilerinin veri g\u00fcvenli\u011fini 128 bit SSL sertifikas\u0131 ile sa\u011flamaktad\u0131r. 2) Sistemimizde altaygames.com&#8217;a ait olan marka ve logolar d\u0131\u015f\u0131nda kullan\u0131lmakta olan t\u00fcm marka. amblem ve logolar\u0131n haklar\u0131 tamamen sahiplerine aittir. 3) altaygames.com web sitesi olas\u0131 t\u00fcm teknolojik imkanlar kullan\u0131larak vir\u00fcs ve benzeri ama\u00e7l\u0131 yaz\u0131l\u0131mlardan ar\u0131nd\u0131r\u0131lm\u0131\u015f ve bu y\u00f6nde tedbir al\u0131nm\u0131\u015ft\u0131r. Fakat site kullan\u0131c\u0131lar\u0131 [&hellip;]<\/p>","protected":false},"author":1,"featured_media":0,"parent":0,"menu_order":0,"comment_status":"closed","ping_status":"closed","template":"","meta":{"footnotes":""},"class_list":["post-8376","page","type-page","status-publish","hentry"],"_links":{"self":[{"href":"https:\/\/altaygames.com\/en\/wp-json\/wp\/v2\/pages\/8376","targetHints":{"allow":["GET"]}}],"collection":[{"href":"https:\/\/altaygames.com\/en\/wp-json\/wp\/v2\/pages"}],"about":[{"href":"https:\/\/altaygames.com\/en\/wp-json\/wp\/v2\/types\/page"}],"author":[{"embeddable":true,"href":"https:\/\/altaygames.com\/en\/wp-json\/wp\/v2\/users\/1"}],"replies":[{"embeddable":true,"href":"https:\/\/altaygames.com\/en\/wp-json\/wp\/v2\/comments?post=8376"}],"version-history":[{"count":2,"href":"https:\/\/altaygames.com\/en\/wp-json\/wp\/v2\/pages\/8376\/revisions"}],"predecessor-version":[{"id":8388,"href":"https:\/\/altaygames.com\/en\/wp-json\/wp\/v2\/pages\/8376\/revisions\/8388"}],"wp:attachment":[{"href":"https:\/\/altaygames.com\/en\/wp-json\/wp\/v2\/media?parent=8376"}],"curies":[{"name":"wp","href":"https:\/\/api.w.org\/{rel}","templated":true}]}}