{"id":8409,"date":"2026-04-08T15:04:13","date_gmt":"2026-04-08T12:04:13","guid":{"rendered":"https:\/\/altaygames.com\/product\/teknik-danismanlik-baslangic\/"},"modified":"2026-04-08T15:04:13","modified_gmt":"2026-04-08T12:04:13","slug":"teknik-danismanlik-baslangic","status":"publish","type":"product","link":"https:\/\/altaygames.com\/en\/product\/teknik-danismanlik-baslangic\/","title":{"rendered":"Teknik Dan\u0131\u015fmanl\u0131k &#8211; Ba\u015flang\u0131\u00e7"},"content":{"rendered":"<p>Teknoloji ve yaz\u0131l\u0131m konular\u0131nda 15 dakikal\u0131k h\u0131zl\u0131 dan\u0131\u015fmanl\u0131k hizmeti. Sorular\u0131n\u0131za k\u0131sa s\u00fcrede profesyonel yan\u0131tlar al\u0131n.<\/p>","protected":false},"excerpt":{"rendered":"<p>15 dakikal\u0131k h\u0131zl\u0131 teknik dan\u0131\u015fmanl\u0131k.<\/p>","protected":false},"featured_media":8421,"template":"","meta":[],"product_brand":[],"product_cat":[63],"product_tag":[],"class_list":{"0":"post-8409","1":"product","2":"type-product","3":"status-publish","4":"has-post-thumbnail","6":"product_cat-danismanlik","8":"first","9":"instock","10":"virtual","11":"sold-individually","12":"purchasable","13":"product-type-simple"},"_links":{"self":[{"href":"https:\/\/altaygames.com\/en\/wp-json\/wp\/v2\/product\/8409","targetHints":{"allow":["GET"]}}],"collection":[{"href":"https:\/\/altaygames.com\/en\/wp-json\/wp\/v2\/product"}],"about":[{"href":"https:\/\/altaygames.com\/en\/wp-json\/wp\/v2\/types\/product"}],"wp:featuredmedia":[{"embeddable":true,"href":"https:\/\/altaygames.com\/en\/wp-json\/wp\/v2\/media\/8421"}],"wp:attachment":[{"href":"https:\/\/altaygames.com\/en\/wp-json\/wp\/v2\/media?parent=8409"}],"wp:term":[{"taxonomy":"product_brand","embeddable":true,"href":"https:\/\/altaygames.com\/en\/wp-json\/wp\/v2\/product_brand?post=8409"},{"taxonomy":"product_cat","embeddable":true,"href":"https:\/\/altaygames.com\/en\/wp-json\/wp\/v2\/product_cat?post=8409"},{"taxonomy":"product_tag","embeddable":true,"href":"https:\/\/altaygames.com\/en\/wp-json\/wp\/v2\/product_tag?post=8409"}],"curies":[{"name":"wp","href":"https:\/\/api.w.org\/{rel}","templated":true}]}}