{"id":8410,"date":"2026-04-08T15:04:13","date_gmt":"2026-04-08T12:04:13","guid":{"rendered":"https:\/\/altaygames.com\/product\/bug-analiz-raporu\/"},"modified":"2026-04-08T15:04:13","modified_gmt":"2026-04-08T12:04:13","slug":"bug-analiz-raporu","status":"publish","type":"product","link":"https:\/\/altaygames.com\/en\/product\/bug-analiz-raporu\/","title":{"rendered":"Bug Analiz Raporu"},"content":{"rendered":"<p>Yaz\u0131l\u0131m veya oyun projenizdeki bir hata i\u00e7in detayl\u0131 analiz raporu. Sorunun k\u00f6k nedenini belirliyoruz ve \u00e7\u00f6z\u00fcm \u00f6nerileri sunuyoruz.<\/p>","protected":false},"excerpt":{"rendered":"<p>Tek bir hata i\u00e7in detayl\u0131 analiz ve \u00e7\u00f6z\u00fcm raporu.<\/p>","protected":false},"featured_media":8422,"template":"","meta":[],"product_brand":[],"product_cat":[64],"product_tag":[],"class_list":{"0":"post-8410","1":"product","2":"type-product","3":"status-publish","4":"has-post-thumbnail","6":"product_cat-yazilim-hizmetleri","8":"first","9":"instock","10":"virtual","11":"sold-individually","12":"purchasable","13":"product-type-simple"},"_links":{"self":[{"href":"https:\/\/altaygames.com\/en\/wp-json\/wp\/v2\/product\/8410","targetHints":{"allow":["GET"]}}],"collection":[{"href":"https:\/\/altaygames.com\/en\/wp-json\/wp\/v2\/product"}],"about":[{"href":"https:\/\/altaygames.com\/en\/wp-json\/wp\/v2\/types\/product"}],"wp:featuredmedia":[{"embeddable":true,"href":"https:\/\/altaygames.com\/en\/wp-json\/wp\/v2\/media\/8422"}],"wp:attachment":[{"href":"https:\/\/altaygames.com\/en\/wp-json\/wp\/v2\/media?parent=8410"}],"wp:term":[{"taxonomy":"product_brand","embeddable":true,"href":"https:\/\/altaygames.com\/en\/wp-json\/wp\/v2\/product_brand?post=8410"},{"taxonomy":"product_cat","embeddable":true,"href":"https:\/\/altaygames.com\/en\/wp-json\/wp\/v2\/product_cat?post=8410"},{"taxonomy":"product_tag","embeddable":true,"href":"https:\/\/altaygames.com\/en\/wp-json\/wp\/v2\/product_tag?post=8410"}],"curies":[{"name":"wp","href":"https:\/\/api.w.org\/{rel}","templated":true}]}}