{"id":8411,"date":"2026-04-08T15:04:13","date_gmt":"2026-04-08T12:04:13","guid":{"rendered":"https:\/\/altaygames.com\/product\/performans-optimizasyon-raporu\/"},"modified":"2026-04-08T15:04:13","modified_gmt":"2026-04-08T12:04:13","slug":"performans-optimizasyon-raporu","status":"publish","type":"product","link":"https:\/\/altaygames.com\/en\/product\/performans-optimizasyon-raporu\/","title":{"rendered":"Performans Optimizasyon Raporu"},"content":{"rendered":"<p>Web siteniz veya uygulaman\u0131z i\u00e7in kapsaml\u0131 performans analizi. Yava\u015fl\u0131k nedenlerini tespit ediyor, h\u0131z ve verimlilik art\u0131rma \u00f6nerilerimizi raporluyoruz.<\/p>","protected":false},"excerpt":{"rendered":"<p>Web sitesi veya uygulama performans analiz raporu.<\/p>","protected":false},"featured_media":8423,"template":"","meta":[],"product_brand":[],"product_cat":[64],"product_tag":[],"class_list":{"0":"post-8411","1":"product","2":"type-product","3":"status-publish","4":"has-post-thumbnail","6":"product_cat-yazilim-hizmetleri","8":"first","9":"instock","10":"virtual","11":"sold-individually","12":"purchasable","13":"product-type-simple"},"_links":{"self":[{"href":"https:\/\/altaygames.com\/en\/wp-json\/wp\/v2\/product\/8411","targetHints":{"allow":["GET"]}}],"collection":[{"href":"https:\/\/altaygames.com\/en\/wp-json\/wp\/v2\/product"}],"about":[{"href":"https:\/\/altaygames.com\/en\/wp-json\/wp\/v2\/types\/product"}],"wp:featuredmedia":[{"embeddable":true,"href":"https:\/\/altaygames.com\/en\/wp-json\/wp\/v2\/media\/8423"}],"wp:attachment":[{"href":"https:\/\/altaygames.com\/en\/wp-json\/wp\/v2\/media?parent=8411"}],"wp:term":[{"taxonomy":"product_brand","embeddable":true,"href":"https:\/\/altaygames.com\/en\/wp-json\/wp\/v2\/product_brand?post=8411"},{"taxonomy":"product_cat","embeddable":true,"href":"https:\/\/altaygames.com\/en\/wp-json\/wp\/v2\/product_cat?post=8411"},{"taxonomy":"product_tag","embeddable":true,"href":"https:\/\/altaygames.com\/en\/wp-json\/wp\/v2\/product_tag?post=8411"}],"curies":[{"name":"wp","href":"https:\/\/api.w.org\/{rel}","templated":true}]}}