{"id":8412,"date":"2026-04-08T15:04:13","date_gmt":"2026-04-08T12:04:13","guid":{"rendered":"https:\/\/altaygames.com\/product\/logo-marka-kimligi-tasarimi\/"},"modified":"2026-04-08T15:04:13","modified_gmt":"2026-04-08T12:04:13","slug":"logo-marka-kimligi-tasarimi","status":"publish","type":"product","link":"https:\/\/altaygames.com\/en\/product\/logo-marka-kimligi-tasarimi\/","title":{"rendered":"Logo &#038; Marka Kimli\u011fi Tasar\u0131m\u0131"},"content":{"rendered":"<p>Projeniz veya \u015firketiniz i\u00e7in profesyonel logo tasar\u0131m\u0131. 3 farkl\u0131 konsept, 2 revizyon hakk\u0131 ve t\u00fcm dosya formatlar\u0131nda teslimat dahildir.<\/p>","protected":false},"excerpt":{"rendered":"<p>Profesyonel logo tasar\u0131m\u0131 &#8211; 3 konsept, 2 revizyon.<\/p>","protected":false},"featured_media":8424,"template":"","meta":[],"product_brand":[],"product_cat":[65],"product_tag":[],"class_list":{"0":"post-8412","1":"product","2":"type-product","3":"status-publish","4":"has-post-thumbnail","6":"product_cat-tasarim","8":"first","9":"instock","10":"virtual","11":"sold-individually","12":"purchasable","13":"product-type-simple"},"_links":{"self":[{"href":"https:\/\/altaygames.com\/en\/wp-json\/wp\/v2\/product\/8412","targetHints":{"allow":["GET"]}}],"collection":[{"href":"https:\/\/altaygames.com\/en\/wp-json\/wp\/v2\/product"}],"about":[{"href":"https:\/\/altaygames.com\/en\/wp-json\/wp\/v2\/types\/product"}],"wp:featuredmedia":[{"embeddable":true,"href":"https:\/\/altaygames.com\/en\/wp-json\/wp\/v2\/media\/8424"}],"wp:attachment":[{"href":"https:\/\/altaygames.com\/en\/wp-json\/wp\/v2\/media?parent=8412"}],"wp:term":[{"taxonomy":"product_brand","embeddable":true,"href":"https:\/\/altaygames.com\/en\/wp-json\/wp\/v2\/product_brand?post=8412"},{"taxonomy":"product_cat","embeddable":true,"href":"https:\/\/altaygames.com\/en\/wp-json\/wp\/v2\/product_cat?post=8412"},{"taxonomy":"product_tag","embeddable":true,"href":"https:\/\/altaygames.com\/en\/wp-json\/wp\/v2\/product_tag?post=8412"}],"curies":[{"name":"wp","href":"https:\/\/api.w.org\/{rel}","templated":true}]}}