{"id":8413,"date":"2026-04-08T15:04:13","date_gmt":"2026-04-08T12:04:13","guid":{"rendered":"https:\/\/altaygames.com\/product\/sosyal-medya-tasarim-paketi\/"},"modified":"2026-04-08T15:04:13","modified_gmt":"2026-04-08T12:04:13","slug":"sosyal-medya-tasarim-paketi","status":"publish","type":"product","link":"https:\/\/altaygames.com\/en\/product\/sosyal-medya-tasarim-paketi\/","title":{"rendered":"Sosyal Medya Tasar\u0131m Paketi"},"content":{"rendered":"<p>Markan\u0131z i\u00e7in sosyal medya g\u00f6rselleri: profil foto\u011fraf\u0131, kapak g\u00f6rseli, 10 adet payla\u015f\u0131m \u015fablonu. Instagram, Twitter, Facebook ve LinkedIn uyumlu.<\/p>","protected":false},"excerpt":{"rendered":"<p>Komple sosyal medya g\u00f6rsel paketi &#8211; t\u00fcm platformlar.<\/p>","protected":false},"featured_media":8425,"template":"","meta":[],"product_brand":[],"product_cat":[65],"product_tag":[],"class_list":{"0":"post-8413","1":"product","2":"type-product","3":"status-publish","4":"has-post-thumbnail","6":"product_cat-tasarim","8":"first","9":"instock","10":"virtual","11":"sold-individually","12":"purchasable","13":"product-type-simple"},"_links":{"self":[{"href":"https:\/\/altaygames.com\/en\/wp-json\/wp\/v2\/product\/8413","targetHints":{"allow":["GET"]}}],"collection":[{"href":"https:\/\/altaygames.com\/en\/wp-json\/wp\/v2\/product"}],"about":[{"href":"https:\/\/altaygames.com\/en\/wp-json\/wp\/v2\/types\/product"}],"wp:featuredmedia":[{"embeddable":true,"href":"https:\/\/altaygames.com\/en\/wp-json\/wp\/v2\/media\/8425"}],"wp:attachment":[{"href":"https:\/\/altaygames.com\/en\/wp-json\/wp\/v2\/media?parent=8413"}],"wp:term":[{"taxonomy":"product_brand","embeddable":true,"href":"https:\/\/altaygames.com\/en\/wp-json\/wp\/v2\/product_brand?post=8413"},{"taxonomy":"product_cat","embeddable":true,"href":"https:\/\/altaygames.com\/en\/wp-json\/wp\/v2\/product_cat?post=8413"},{"taxonomy":"product_tag","embeddable":true,"href":"https:\/\/altaygames.com\/en\/wp-json\/wp\/v2\/product_tag?post=8413"}],"curies":[{"name":"wp","href":"https:\/\/api.w.org\/{rel}","templated":true}]}}