{"id":8415,"date":"2026-04-08T15:04:14","date_gmt":"2026-04-08T12:04:14","guid":{"rendered":"https:\/\/altaygames.com\/product\/mobil-uygulama-ui-ux-tasarimi\/"},"modified":"2026-04-08T15:04:14","modified_gmt":"2026-04-08T12:04:14","slug":"mobil-uygulama-ui-ux-tasarimi","status":"publish","type":"product","link":"https:\/\/altaygames.com\/en\/product\/mobil-uygulama-ui-ux-tasarimi\/","title":{"rendered":"Mobil Uygulama UI\/UX Tasar\u0131m\u0131"},"content":{"rendered":"<p>Mobil uygulaman\u0131z i\u00e7in modern ve kullan\u0131c\u0131 dostu aray\u00fcz tasar\u0131m\u0131. Wireframe, UI tasar\u0131m, prototip ve geli\u015ftirici teslim dosyalar\u0131 dahildir. iOS ve Android uyumlu.<\/p>","protected":false},"excerpt":{"rendered":"<p>Komple mobil uygulama aray\u00fcz tasar\u0131m\u0131.<\/p>","protected":false},"featured_media":8427,"template":"","meta":[],"product_brand":[],"product_cat":[65],"product_tag":[],"class_list":{"0":"post-8415","1":"product","2":"type-product","3":"status-publish","4":"has-post-thumbnail","6":"product_cat-tasarim","8":"first","9":"instock","10":"virtual","11":"sold-individually","12":"purchasable","13":"product-type-simple"},"_links":{"self":[{"href":"https:\/\/altaygames.com\/en\/wp-json\/wp\/v2\/product\/8415","targetHints":{"allow":["GET"]}}],"collection":[{"href":"https:\/\/altaygames.com\/en\/wp-json\/wp\/v2\/product"}],"about":[{"href":"https:\/\/altaygames.com\/en\/wp-json\/wp\/v2\/types\/product"}],"wp:featuredmedia":[{"embeddable":true,"href":"https:\/\/altaygames.com\/en\/wp-json\/wp\/v2\/media\/8427"}],"wp:attachment":[{"href":"https:\/\/altaygames.com\/en\/wp-json\/wp\/v2\/media?parent=8415"}],"wp:term":[{"taxonomy":"product_brand","embeddable":true,"href":"https:\/\/altaygames.com\/en\/wp-json\/wp\/v2\/product_brand?post=8415"},{"taxonomy":"product_cat","embeddable":true,"href":"https:\/\/altaygames.com\/en\/wp-json\/wp\/v2\/product_cat?post=8415"},{"taxonomy":"product_tag","embeddable":true,"href":"https:\/\/altaygames.com\/en\/wp-json\/wp\/v2\/product_tag?post=8415"}],"curies":[{"name":"wp","href":"https:\/\/api.w.org\/{rel}","templated":true}]}}