{"id":8416,"date":"2026-04-08T15:04:14","date_gmt":"2026-04-08T12:04:14","guid":{"rendered":"https:\/\/altaygames.com\/product\/aylik-web-sitesi-bakim-paketi\/"},"modified":"2026-04-08T15:04:14","modified_gmt":"2026-04-08T12:04:14","slug":"aylik-web-sitesi-bakim-paketi","status":"publish","type":"product","link":"https:\/\/altaygames.com\/en\/product\/aylik-web-sitesi-bakim-paketi\/","title":{"rendered":"Ayl\u0131k Web Sitesi Bak\u0131m Paketi"},"content":{"rendered":"<p>Web siteniz i\u00e7in ayl\u0131k bak\u0131m ve destek hizmeti. G\u00fcvenlik g\u00fcncellemeleri, yedekleme, performans takibi, i\u00e7erik g\u00fcncellemeleri ve 7\/24 teknik destek dahildir.<\/p>","protected":false},"excerpt":{"rendered":"<p>Ayl\u0131k web sitesi bak\u0131m, g\u00fcncelleme ve destek paketi.<\/p>","protected":false},"featured_media":8428,"template":"","meta":[],"product_brand":[],"product_cat":[64],"product_tag":[],"class_list":{"0":"post-8416","1":"product","2":"type-product","3":"status-publish","4":"has-post-thumbnail","6":"product_cat-yazilim-hizmetleri","8":"first","9":"instock","10":"virtual","11":"sold-individually","12":"purchasable","13":"product-type-simple"},"_links":{"self":[{"href":"https:\/\/altaygames.com\/en\/wp-json\/wp\/v2\/product\/8416","targetHints":{"allow":["GET"]}}],"collection":[{"href":"https:\/\/altaygames.com\/en\/wp-json\/wp\/v2\/product"}],"about":[{"href":"https:\/\/altaygames.com\/en\/wp-json\/wp\/v2\/types\/product"}],"wp:featuredmedia":[{"embeddable":true,"href":"https:\/\/altaygames.com\/en\/wp-json\/wp\/v2\/media\/8428"}],"wp:attachment":[{"href":"https:\/\/altaygames.com\/en\/wp-json\/wp\/v2\/media?parent=8416"}],"wp:term":[{"taxonomy":"product_brand","embeddable":true,"href":"https:\/\/altaygames.com\/en\/wp-json\/wp\/v2\/product_brand?post=8416"},{"taxonomy":"product_cat","embeddable":true,"href":"https:\/\/altaygames.com\/en\/wp-json\/wp\/v2\/product_cat?post=8416"},{"taxonomy":"product_tag","embeddable":true,"href":"https:\/\/altaygames.com\/en\/wp-json\/wp\/v2\/product_tag?post=8416"}],"curies":[{"name":"wp","href":"https:\/\/api.w.org\/{rel}","templated":true}]}}