{"id":8417,"date":"2026-04-08T15:04:14","date_gmt":"2026-04-08T12:04:14","guid":{"rendered":"https:\/\/altaygames.com\/product\/landing-page-tasarim-gelistirme\/"},"modified":"2026-04-08T15:04:14","modified_gmt":"2026-04-08T12:04:14","slug":"landing-page-tasarim-gelistirme","status":"publish","type":"product","link":"https:\/\/altaygames.com\/en\/product\/landing-page-tasarim-gelistirme\/","title":{"rendered":"Landing Page Tasar\u0131m &#038; Geli\u015ftirme"},"content":{"rendered":"<p>D\u00f6n\u00fc\u015f\u00fcm odakl\u0131 profesyonel landing page tasar\u0131m\u0131 ve kodlamas\u0131. Responsive tasar\u0131m, SEO uyumlu yap\u0131, h\u0131z optimizasyonu ve form entegrasyonu dahildir.<\/p>","protected":false},"excerpt":{"rendered":"<p>D\u00f6n\u00fc\u015f\u00fcm odakl\u0131 landing page &#8211; tasar\u0131m ve geli\u015ftirme.<\/p>","protected":false},"featured_media":8429,"template":"","meta":[],"product_brand":[],"product_cat":[64],"product_tag":[],"class_list":{"0":"post-8417","1":"product","2":"type-product","3":"status-publish","4":"has-post-thumbnail","6":"product_cat-yazilim-hizmetleri","8":"first","9":"instock","10":"virtual","11":"sold-individually","12":"purchasable","13":"product-type-simple"},"_links":{"self":[{"href":"https:\/\/altaygames.com\/en\/wp-json\/wp\/v2\/product\/8417","targetHints":{"allow":["GET"]}}],"collection":[{"href":"https:\/\/altaygames.com\/en\/wp-json\/wp\/v2\/product"}],"about":[{"href":"https:\/\/altaygames.com\/en\/wp-json\/wp\/v2\/types\/product"}],"wp:featuredmedia":[{"embeddable":true,"href":"https:\/\/altaygames.com\/en\/wp-json\/wp\/v2\/media\/8429"}],"wp:attachment":[{"href":"https:\/\/altaygames.com\/en\/wp-json\/wp\/v2\/media?parent=8417"}],"wp:term":[{"taxonomy":"product_brand","embeddable":true,"href":"https:\/\/altaygames.com\/en\/wp-json\/wp\/v2\/product_brand?post=8417"},{"taxonomy":"product_cat","embeddable":true,"href":"https:\/\/altaygames.com\/en\/wp-json\/wp\/v2\/product_cat?post=8417"},{"taxonomy":"product_tag","embeddable":true,"href":"https:\/\/altaygames.com\/en\/wp-json\/wp\/v2\/product_tag?post=8417"}],"curies":[{"name":"wp","href":"https:\/\/api.w.org\/{rel}","templated":true}]}}