{"id":8418,"date":"2026-04-08T15:04:14","date_gmt":"2026-04-08T12:04:14","guid":{"rendered":"https:\/\/altaygames.com\/product\/kurumsal-web-sitesi-gelistirme\/"},"modified":"2026-04-08T15:04:14","modified_gmt":"2026-04-08T12:04:14","slug":"kurumsal-web-sitesi-gelistirme","status":"publish","type":"product","link":"https:\/\/altaygames.com\/en\/product\/kurumsal-web-sitesi-gelistirme\/","title":{"rendered":"Kurumsal Web Sitesi Geli\u015ftirme"},"content":{"rendered":"<p>\u015eirketiniz i\u00e7in ba\u015ftan sona kurumsal web sitesi. Modern tasar\u0131m, mobil uyumlu yap\u0131, y\u00f6netim paneli, \u00e7oklu dil deste\u011fi, SEO altyap\u0131s\u0131 ve hosting dan\u0131\u015fmanl\u0131\u011f\u0131 dahildir.<\/p>","protected":false},"excerpt":{"rendered":"<p>Komple kurumsal web sitesi &#8211; tasar\u0131mdan canl\u0131ya.<\/p>","protected":false},"featured_media":8430,"template":"","meta":[],"product_brand":[],"product_cat":[64],"product_tag":[],"class_list":{"0":"post-8418","1":"product","2":"type-product","3":"status-publish","4":"has-post-thumbnail","6":"product_cat-yazilim-hizmetleri","8":"first","9":"instock","10":"virtual","11":"sold-individually","12":"purchasable","13":"product-type-simple"},"_links":{"self":[{"href":"https:\/\/altaygames.com\/en\/wp-json\/wp\/v2\/product\/8418","targetHints":{"allow":["GET"]}}],"collection":[{"href":"https:\/\/altaygames.com\/en\/wp-json\/wp\/v2\/product"}],"about":[{"href":"https:\/\/altaygames.com\/en\/wp-json\/wp\/v2\/types\/product"}],"wp:featuredmedia":[{"embeddable":true,"href":"https:\/\/altaygames.com\/en\/wp-json\/wp\/v2\/media\/8430"}],"wp:attachment":[{"href":"https:\/\/altaygames.com\/en\/wp-json\/wp\/v2\/media?parent=8418"}],"wp:term":[{"taxonomy":"product_brand","embeddable":true,"href":"https:\/\/altaygames.com\/en\/wp-json\/wp\/v2\/product_brand?post=8418"},{"taxonomy":"product_cat","embeddable":true,"href":"https:\/\/altaygames.com\/en\/wp-json\/wp\/v2\/product_cat?post=8418"},{"taxonomy":"product_tag","embeddable":true,"href":"https:\/\/altaygames.com\/en\/wp-json\/wp\/v2\/product_tag?post=8418"}],"curies":[{"name":"wp","href":"https:\/\/api.w.org\/{rel}","templated":true}]}}