{"id":8419,"date":"2026-04-08T15:04:14","date_gmt":"2026-04-08T12:04:14","guid":{"rendered":"https:\/\/altaygames.com\/product\/e-ticaret-sitesi-kurulumu\/"},"modified":"2026-04-08T15:04:14","modified_gmt":"2026-04-08T12:04:14","slug":"e-ticaret-sitesi-kurulumu","status":"publish","type":"product","link":"https:\/\/altaygames.com\/en\/product\/e-ticaret-sitesi-kurulumu\/","title":{"rendered":"E-Ticaret Sitesi Kurulumu"},"content":{"rendered":"<p>Tam donan\u0131ml\u0131 e-ticaret sitesi kurulumu. \u00dcr\u00fcn y\u00f6netimi, \u00f6deme entegrasyonlar\u0131, kargo takibi, stok y\u00f6netimi, m\u00fc\u015fteri paneli ve admin dashboard dahildir.<\/p>","protected":false},"excerpt":{"rendered":"<p>Anahtar teslim e-ticaret sitesi kurulumu.<\/p>","protected":false},"featured_media":8431,"template":"","meta":[],"product_brand":[],"product_cat":[64],"product_tag":[],"class_list":{"0":"post-8419","1":"product","2":"type-product","3":"status-publish","4":"has-post-thumbnail","6":"product_cat-yazilim-hizmetleri","8":"first","9":"instock","10":"virtual","11":"sold-individually","12":"purchasable","13":"product-type-simple"},"_links":{"self":[{"href":"https:\/\/altaygames.com\/en\/wp-json\/wp\/v2\/product\/8419","targetHints":{"allow":["GET"]}}],"collection":[{"href":"https:\/\/altaygames.com\/en\/wp-json\/wp\/v2\/product"}],"about":[{"href":"https:\/\/altaygames.com\/en\/wp-json\/wp\/v2\/types\/product"}],"wp:featuredmedia":[{"embeddable":true,"href":"https:\/\/altaygames.com\/en\/wp-json\/wp\/v2\/media\/8431"}],"wp:attachment":[{"href":"https:\/\/altaygames.com\/en\/wp-json\/wp\/v2\/media?parent=8419"}],"wp:term":[{"taxonomy":"product_brand","embeddable":true,"href":"https:\/\/altaygames.com\/en\/wp-json\/wp\/v2\/product_brand?post=8419"},{"taxonomy":"product_cat","embeddable":true,"href":"https:\/\/altaygames.com\/en\/wp-json\/wp\/v2\/product_cat?post=8419"},{"taxonomy":"product_tag","embeddable":true,"href":"https:\/\/altaygames.com\/en\/wp-json\/wp\/v2\/product_tag?post=8419"}],"curies":[{"name":"wp","href":"https:\/\/api.w.org\/{rel}","templated":true}]}}