{"id":8420,"date":"2026-04-08T15:04:14","date_gmt":"2026-04-08T12:04:14","guid":{"rendered":"https:\/\/altaygames.com\/product\/ozel-yazilim-gelistirme-projesi\/"},"modified":"2026-04-08T15:04:14","modified_gmt":"2026-04-08T12:04:14","slug":"ozel-yazilim-gelistirme-projesi","status":"publish","type":"product","link":"https:\/\/altaygames.com\/en\/product\/ozel-yazilim-gelistirme-projesi\/","title":{"rendered":"\u00d6zel Yaz\u0131l\u0131m Geli\u015ftirme Projesi"},"content":{"rendered":"<p>\u0130htiya\u00e7lar\u0131n\u0131za \u00f6zel yaz\u0131l\u0131m \u00e7\u00f6z\u00fcm\u00fc geli\u015ftirme. Analiz, tasar\u0131m, geli\u015ftirme, test ve deployment s\u00fcre\u00e7lerinin tamam\u0131 dahildir. Proje kapsam\u0131na g\u00f6re fiyat artabilir.<\/p>","protected":false},"excerpt":{"rendered":"<p>\u0130htiyaca \u00f6zel yaz\u0131l\u0131m geli\u015ftirme &#8211; ba\u015flang\u0131\u00e7 paketi.<\/p>","protected":false},"featured_media":8432,"template":"","meta":[],"product_brand":[],"product_cat":[64],"product_tag":[],"class_list":{"0":"post-8420","1":"product","2":"type-product","3":"status-publish","4":"has-post-thumbnail","6":"product_cat-yazilim-hizmetleri","8":"first","9":"instock","10":"virtual","11":"sold-individually","12":"purchasable","13":"product-type-simple"},"_links":{"self":[{"href":"https:\/\/altaygames.com\/en\/wp-json\/wp\/v2\/product\/8420","targetHints":{"allow":["GET"]}}],"collection":[{"href":"https:\/\/altaygames.com\/en\/wp-json\/wp\/v2\/product"}],"about":[{"href":"https:\/\/altaygames.com\/en\/wp-json\/wp\/v2\/types\/product"}],"wp:featuredmedia":[{"embeddable":true,"href":"https:\/\/altaygames.com\/en\/wp-json\/wp\/v2\/media\/8432"}],"wp:attachment":[{"href":"https:\/\/altaygames.com\/en\/wp-json\/wp\/v2\/media?parent=8420"}],"wp:term":[{"taxonomy":"product_brand","embeddable":true,"href":"https:\/\/altaygames.com\/en\/wp-json\/wp\/v2\/product_brand?post=8420"},{"taxonomy":"product_cat","embeddable":true,"href":"https:\/\/altaygames.com\/en\/wp-json\/wp\/v2\/product_cat?post=8420"},{"taxonomy":"product_tag","embeddable":true,"href":"https:\/\/altaygames.com\/en\/wp-json\/wp\/v2\/product_tag?post=8420"}],"curies":[{"name":"wp","href":"https:\/\/api.w.org\/{rel}","templated":true}]}}